{"id":1217,"date":"2023-02-28T09:57:20","date_gmt":"2023-02-28T09:57:20","guid":{"rendered":"https:\/\/popispinning.eu\/freizeiteinrichtungen\/"},"modified":"2023-03-16T12:38:48","modified_gmt":"2023-03-16T12:38:48","slug":"freizeiteinrichtungen","status":"publish","type":"page","link":"https:\/\/popispinning.eu\/de\/freizeiteinrichtungen\/","title":{"rendered":"Freizeiteinrichtungen"},"content":{"rendered":"\t\t<div data-elementor-type=\"wp-page\" data-elementor-id=\"1217\" class=\"elementor elementor-1217 elementor-635\" data-elementor-post-type=\"page\">\r\n\t\t\t\t\t\t<section class=\"elementor-section elementor-top-section elementor-element elementor-element-c41a51d elementor-section-full_width elementor-section-height-default elementor-section-height-default\" data-id=\"c41a51d\" data-element_type=\"section\" data-settings=\"{&quot;jet_parallax_layout_list&quot;:[]}\">\r\n\t\t\t\t\t\t<div class=\"elementor-container elementor-column-gap-no\">\r\n\t\t\t\t\t<div class=\"elementor-column elementor-col-100 elementor-top-column elementor-element elementor-element-85e4858\" data-id=\"85e4858\" data-element_type=\"column\">\r\n\t\t\t<div class=\"elementor-widget-wrap elementor-element-populated\">\r\n\t\t\t\t\t\t<div class=\"elementor-element elementor-element-5273d82 elementor-widget elementor-widget-image\" data-id=\"5273d82\" data-element_type=\"widget\" data-widget_type=\"image.default\">\r\n\t\t\t\t<div class=\"elementor-widget-container\">\r\n\t\t\t<style>\/*! elementor - v3.21.0 - 26-05-2024 *\/\r\n.elementor-widget-image{text-align:center}.elementor-widget-image a{display:inline-block}.elementor-widget-image a img[src$=\".svg\"]{width:48px}.elementor-widget-image img{vertical-align:middle;display:inline-block}<\/style>\t\t\t\t\t\t\t\t\t\t<img fetchpriority=\"high\" decoding=\"async\" width=\"1920\" height=\"700\" src=\"https:\/\/popispinning.eu\/wp-content\/uploads\/2023\/03\/szabadidos-lehetosegek.webp\" class=\"attachment-full size-full wp-image-1010\" alt=\"\" srcset=\"https:\/\/popispinning.eu\/wp-content\/uploads\/2023\/03\/szabadidos-lehetosegek.webp 1920w, https:\/\/popispinning.eu\/wp-content\/uploads\/2023\/03\/szabadidos-lehetosegek-300x109.webp 300w, https:\/\/popispinning.eu\/wp-content\/uploads\/2023\/03\/szabadidos-lehetosegek-1024x373.webp 1024w, https:\/\/popispinning.eu\/wp-content\/uploads\/2023\/03\/szabadidos-lehetosegek-768x280.webp 768w, https:\/\/popispinning.eu\/wp-content\/uploads\/2023\/03\/szabadidos-lehetosegek-1536x560.webp 1536w, https:\/\/popispinning.eu\/wp-content\/uploads\/2023\/03\/szabadidos-lehetosegek-600x219.webp 600w\" sizes=\"(max-width: 1920px) 100vw, 1920px\" \/>\t\t\t\t\t\t\t\t\t\t\t\t\t<\/div>\r\n\t\t\t\t<\/div>\r\n\t\t\t\t\t<\/div>\r\n\t\t<\/div>\r\n\t\t\t\t\t<\/div>\r\n\t\t<\/section>\r\n\t\t\t\t<section class=\"elementor-section elementor-top-section elementor-element elementor-element-2374618 elementor-section-boxed elementor-section-height-default elementor-section-height-default\" data-id=\"2374618\" data-element_type=\"section\" data-settings=\"{&quot;jet_parallax_layout_list&quot;:[],&quot;background_background&quot;:&quot;classic&quot;}\">\r\n\t\t\t\t\t\t<div class=\"elementor-container elementor-column-gap-default\">\r\n\t\t\t\t\t<div class=\"elementor-column elementor-col-100 elementor-top-column elementor-element elementor-element-dfd81c9\" data-id=\"dfd81c9\" data-element_type=\"column\">\r\n\t\t\t<div class=\"elementor-widget-wrap elementor-element-populated\">\r\n\t\t\t\t\t\t<div class=\"elementor-element elementor-element-d295225 elementor-widget elementor-widget-heading\" data-id=\"d295225\" data-element_type=\"widget\" data-widget_type=\"heading.default\">\r\n\t\t\t\t<div class=\"elementor-widget-container\">\r\n\t\t\t<style>\/*! elementor - v3.21.0 - 26-05-2024 *\/\r\n.elementor-heading-title{padding:0;margin:0;line-height:1}.elementor-widget-heading .elementor-heading-title[class*=elementor-size-]>a{color:inherit;font-size:inherit;line-height:inherit}.elementor-widget-heading .elementor-heading-title.elementor-size-small{font-size:15px}.elementor-widget-heading .elementor-heading-title.elementor-size-medium{font-size:19px}.elementor-widget-heading .elementor-heading-title.elementor-size-large{font-size:29px}.elementor-widget-heading .elementor-heading-title.elementor-size-xl{font-size:39px}.elementor-widget-heading .elementor-heading-title.elementor-size-xxl{font-size:59px}<\/style><h1 class=\"elementor-heading-title elementor-size-default\">Freizeiteinrichtungen<\/h1>\t\t<\/div>\r\n\t\t\t\t<\/div>\r\n\t\t\t\t<div class=\"elementor-element elementor-element-415bae9 elementor-widget elementor-widget-text-editor\" data-id=\"415bae9\" data-element_type=\"widget\" data-widget_type=\"text-editor.default\">\r\n\t\t\t\t<div class=\"elementor-widget-container\">\r\n\t\t\t<style>\/*! elementor - v3.21.0 - 26-05-2024 *\/\r\n.elementor-widget-text-editor.elementor-drop-cap-view-stacked .elementor-drop-cap{background-color:#69727d;color:#fff}.elementor-widget-text-editor.elementor-drop-cap-view-framed .elementor-drop-cap{color:#69727d;border:3px solid;background-color:transparent}.elementor-widget-text-editor:not(.elementor-drop-cap-view-default) .elementor-drop-cap{margin-top:8px}.elementor-widget-text-editor:not(.elementor-drop-cap-view-default) .elementor-drop-cap-letter{width:1em;height:1em}.elementor-widget-text-editor .elementor-drop-cap{float:left;text-align:center;line-height:1;font-size:50px}.elementor-widget-text-editor .elementor-drop-cap-letter{display:inline-block}<\/style>\t\t\t\t<p><strong>Wandern und Kajakverleih<\/strong><\/p>\n<ul>\n<li>Der Verleih erfolgt auf eigene Gefahr. Lichtbildausweis erforderlich.<\/li>\n<li>Schwimmwesten stehen f\u00fcr alle zur Verf\u00fcgung, f\u00fcr Personen unter 14 Jahren sind sie Pflicht.<\/li>\n<li>F\u00fcr Sch\u00e4den, die durch unsachgem\u00e4\u00dfen Gebrauch entstehen, haftet der Verleiher.<\/li>\n<li>Einhaltung der Thei\u00df-See-Regeln<\/li>\n<\/ul>\n<p><strong>Fahrradverleih nur 10 Minuten zu Fu\u00df entfernt<\/strong><\/p>\n<ul>\n<li>Eine der l\u00e4ngsten Fahrradtouren des Landes auf dem See ist 65-70 km lang, wo kalte Getr\u00e4nke und hausgemachte Mahlzeiten an B\u00fcfetts am Stra\u00dfenrand auf Sie warten.<\/li>\n<\/ul>\n\t\t\t\t\t\t<\/div>\r\n\t\t\t\t<\/div>\r\n\t\t\t\t\t<\/div>\r\n\t\t<\/div>\r\n\t\t\t\t\t<\/div>\r\n\t\t<\/section>\r\n\t\t\t\t<\/div>\r\n\t\t","protected":false},"excerpt":{"rendered":"<p>Freizeiteinrichtungen Wandern und Kajakverleih Der Verleih erfolgt auf eigene Gefahr. Lichtbildausweis erforderlich. Schwimmwesten stehen f\u00fcr alle zur Verf\u00fcgung, f\u00fcr Personen unter 14 Jahren sind sie Pflicht. F\u00fcr Sch\u00e4den, die durch unsachgem\u00e4\u00dfen Gebrauch entstehen, haftet der Verleiher. Einhaltung der Thei\u00df-See-Regeln Fahrradverleih nur 10 Minuten zu Fu\u00df entfernt Eine der l\u00e4ngsten Fahrradtouren des Landes auf dem See [&hellip;]<\/p>\n","protected":false},"author":1,"featured_media":0,"parent":0,"menu_order":0,"comment_status":"closed","ping_status":"closed","template":"elementor_header_footer","meta":{"footnotes":""},"class_list":["post-1217","page","type-page","status-publish","hentry"],"_links":{"self":[{"href":"https:\/\/popispinning.eu\/de\/wp-json\/wp\/v2\/pages\/1217","targetHints":{"allow":["GET"]}}],"collection":[{"href":"https:\/\/popispinning.eu\/de\/wp-json\/wp\/v2\/pages"}],"about":[{"href":"https:\/\/popispinning.eu\/de\/wp-json\/wp\/v2\/types\/page"}],"author":[{"embeddable":true,"href":"https:\/\/popispinning.eu\/de\/wp-json\/wp\/v2\/users\/1"}],"replies":[{"embeddable":true,"href":"https:\/\/popispinning.eu\/de\/wp-json\/wp\/v2\/comments?post=1217"}],"version-history":[{"count":3,"href":"https:\/\/popispinning.eu\/de\/wp-json\/wp\/v2\/pages\/1217\/revisions"}],"predecessor-version":[{"id":1729,"href":"https:\/\/popispinning.eu\/de\/wp-json\/wp\/v2\/pages\/1217\/revisions\/1729"}],"wp:attachment":[{"href":"https:\/\/popispinning.eu\/de\/wp-json\/wp\/v2\/media?parent=1217"}],"curies":[{"name":"wp","href":"https:\/\/api.w.org\/{rel}","templated":true}]}}