{"id":1772,"date":"2023-02-20T13:39:11","date_gmt":"2023-02-20T13:39:11","guid":{"rendered":"https:\/\/popispinning.eu\/lake-tisza\/"},"modified":"2023-03-25T09:23:41","modified_gmt":"2023-03-25T09:23:41","slug":"lake-tisza","status":"publish","type":"page","link":"https:\/\/popispinning.eu\/en\/lake-tisza\/","title":{"rendered":"Lake Tisza"},"content":{"rendered":"\t\t<div data-elementor-type=\"wp-page\" data-elementor-id=\"1772\" class=\"elementor elementor-1772 elementor-59\" data-elementor-post-type=\"page\">\r\n\t\t\t\t\t\t<section class=\"elementor-section elementor-top-section elementor-element elementor-element-974cc1d elementor-section-full_width elementor-section-height-default elementor-section-height-default\" data-id=\"974cc1d\" data-element_type=\"section\" data-settings=\"{&quot;jet_parallax_layout_list&quot;:[]}\">\r\n\t\t\t\t\t\t<div class=\"elementor-container elementor-column-gap-no\">\r\n\t\t\t\t\t<div class=\"elementor-column elementor-col-100 elementor-top-column elementor-element elementor-element-a93a6a4\" data-id=\"a93a6a4\" data-element_type=\"column\">\r\n\t\t\t<div class=\"elementor-widget-wrap elementor-element-populated\">\r\n\t\t\t\t\t\t<div class=\"elementor-element elementor-element-e5e78ea elementor-widget elementor-widget-image\" data-id=\"e5e78ea\" data-element_type=\"widget\" data-widget_type=\"image.default\">\r\n\t\t\t\t<div class=\"elementor-widget-container\">\r\n\t\t\t<style>\/*! elementor - v3.21.0 - 26-05-2024 *\/\r\n.elementor-widget-image{text-align:center}.elementor-widget-image a{display:inline-block}.elementor-widget-image a img[src$=\".svg\"]{width:48px}.elementor-widget-image img{vertical-align:middle;display:inline-block}<\/style>\t\t\t\t\t\t\t\t\t\t<img fetchpriority=\"high\" decoding=\"async\" width=\"1920\" height=\"700\" src=\"https:\/\/popispinning.eu\/wp-content\/uploads\/2023\/02\/tisza-to-oldal.webp\" class=\"attachment-full size-full wp-image-951\" alt=\"\" srcset=\"https:\/\/popispinning.eu\/wp-content\/uploads\/2023\/02\/tisza-to-oldal.webp 1920w, https:\/\/popispinning.eu\/wp-content\/uploads\/2023\/02\/tisza-to-oldal-300x109.webp 300w, https:\/\/popispinning.eu\/wp-content\/uploads\/2023\/02\/tisza-to-oldal-1024x373.webp 1024w, https:\/\/popispinning.eu\/wp-content\/uploads\/2023\/02\/tisza-to-oldal-768x280.webp 768w, https:\/\/popispinning.eu\/wp-content\/uploads\/2023\/02\/tisza-to-oldal-1536x560.webp 1536w, https:\/\/popispinning.eu\/wp-content\/uploads\/2023\/02\/tisza-to-oldal-600x219.webp 600w\" sizes=\"(max-width: 1920px) 100vw, 1920px\" \/>\t\t\t\t\t\t\t\t\t\t\t\t\t<\/div>\r\n\t\t\t\t<\/div>\r\n\t\t\t\t\t<\/div>\r\n\t\t<\/div>\r\n\t\t\t\t\t<\/div>\r\n\t\t<\/section>\r\n\t\t\t\t<section class=\"elementor-section elementor-top-section elementor-element elementor-element-b23d0f9 elementor-section-boxed elementor-section-height-default elementor-section-height-default\" data-id=\"b23d0f9\" data-element_type=\"section\" data-settings=\"{&quot;jet_parallax_layout_list&quot;:[]}\">\r\n\t\t\t\t\t\t<div class=\"elementor-container elementor-column-gap-default\">\r\n\t\t\t\t\t<div class=\"elementor-column elementor-col-100 elementor-top-column elementor-element elementor-element-ae7483e\" data-id=\"ae7483e\" data-element_type=\"column\">\r\n\t\t\t<div class=\"elementor-widget-wrap elementor-element-populated\">\r\n\t\t\t\t\t\t<div class=\"elementor-element elementor-element-ed55d8f elementor-widget elementor-widget-heading\" data-id=\"ed55d8f\" data-element_type=\"widget\" data-widget_type=\"heading.default\">\r\n\t\t\t\t<div class=\"elementor-widget-container\">\r\n\t\t\t<style>\/*! elementor - v3.21.0 - 26-05-2024 *\/\r\n.elementor-heading-title{padding:0;margin:0;line-height:1}.elementor-widget-heading .elementor-heading-title[class*=elementor-size-]>a{color:inherit;font-size:inherit;line-height:inherit}.elementor-widget-heading .elementor-heading-title.elementor-size-small{font-size:15px}.elementor-widget-heading .elementor-heading-title.elementor-size-medium{font-size:19px}.elementor-widget-heading .elementor-heading-title.elementor-size-large{font-size:29px}.elementor-widget-heading .elementor-heading-title.elementor-size-xl{font-size:39px}.elementor-widget-heading .elementor-heading-title.elementor-size-xxl{font-size:59px}<\/style><h1 class=\"elementor-heading-title elementor-size-default\">LAKE TISZA<\/h1>\t\t<\/div>\r\n\t\t\t\t<\/div>\r\n\t\t\t\t<div class=\"elementor-element elementor-element-2706cf4 elementor-widget elementor-widget-text-editor\" data-id=\"2706cf4\" data-element_type=\"widget\" data-widget_type=\"text-editor.default\">\r\n\t\t\t\t<div class=\"elementor-widget-container\">\r\n\t\t\t<style>\/*! elementor - v3.21.0 - 26-05-2024 *\/\r\n.elementor-widget-text-editor.elementor-drop-cap-view-stacked .elementor-drop-cap{background-color:#69727d;color:#fff}.elementor-widget-text-editor.elementor-drop-cap-view-framed .elementor-drop-cap{color:#69727d;border:3px solid;background-color:transparent}.elementor-widget-text-editor:not(.elementor-drop-cap-view-default) .elementor-drop-cap{margin-top:8px}.elementor-widget-text-editor:not(.elementor-drop-cap-view-default) .elementor-drop-cap-letter{width:1em;height:1em}.elementor-widget-text-editor .elementor-drop-cap{float:left;text-align:center;line-height:1;font-size:50px}.elementor-widget-text-editor .elementor-drop-cap-letter{display:inline-block}<\/style>\t\t\t\t<p>Lake Tisza is the second largest lake in Hungary, located in the northern part of the Great Plain. On its 127 km2, countless islands, backwaters and shallow channels alternate with vast open water areas, forming a characteristic mosaic landscape. Lake Tisza is the fourth showcase area of the Hortob\u00e1gy National Park and has been a UNESCO World Heritage Site since 1999.<\/p><p>In 2010, the European Commission declared this area a &#8220;European Destination of Excellence&#8221; and awarded Lake Tisza the title of &#8220;Hungary&#8217;s most promising natural water destination&#8221;.<\/p><p>The recreation at Lake Tisza is as varied as the landscape itself. In addition to nature walks, there is a wide range of activities from relaxed beaching to water sports.<\/p><p>Lake Tisza is a four-season fishing lake, with a variety of water types, home to most of Hungary&#8217;s native fish. Uniquely, it is home to more than 50 species, from catfish giants sleeping in depths of up to 20 metres, to the balinis of the rinsing channels, to pike and carp inhabiting the reed edges, to the zanders who live near the rocks.<br \/>The lake offers catching opportunities well above the national average, all in a beautiful natural setting. All year round, you can choose from a variety of fishing locations and methods, as the river, canals, backwaters and reservoir waters offer different fishing opportunities.<br \/>Accessible fishing areas have also been set up along the shore, and some marinas have disabled boats for hire.<\/p><p>\u00a0<\/p><p>\u00a0<\/p>\t\t\t\t\t\t<\/div>\r\n\t\t\t\t<\/div>\r\n\t\t\t\t\t<\/div>\r\n\t\t<\/div>\r\n\t\t\t\t\t<\/div>\r\n\t\t<\/section>\r\n\t\t\t\t<section class=\"elementor-section elementor-top-section elementor-element elementor-element-a66ced3 elementor-section-boxed elementor-section-height-default elementor-section-height-default\" data-id=\"a66ced3\" data-element_type=\"section\" data-settings=\"{&quot;jet_parallax_layout_list&quot;:[],&quot;background_background&quot;:&quot;classic&quot;}\">\r\n\t\t\t\t\t\t<div class=\"elementor-container elementor-column-gap-default\">\r\n\t\t\t\t\t<div class=\"elementor-column elementor-col-100 elementor-top-column elementor-element elementor-element-5004157\" data-id=\"5004157\" data-element_type=\"column\">\r\n\t\t\t<div class=\"elementor-widget-wrap elementor-element-populated\">\r\n\t\t\t\t\t\t<section class=\"elementor-section elementor-inner-section elementor-element elementor-element-22471a1 elementor-section-boxed elementor-section-height-default elementor-section-height-default\" data-id=\"22471a1\" data-element_type=\"section\" data-settings=\"{&quot;jet_parallax_layout_list&quot;:[]}\">\r\n\t\t\t\t\t\t<div class=\"elementor-container elementor-column-gap-wide\">\r\n\t\t\t\t\t<div class=\"elementor-column elementor-col-50 elementor-inner-column elementor-element elementor-element-6d03589\" data-id=\"6d03589\" data-element_type=\"column\" data-settings=\"{&quot;background_background&quot;:&quot;classic&quot;}\">\r\n\t\t\t<div class=\"elementor-widget-wrap elementor-element-populated\">\r\n\t\t\t\t\t\t<div class=\"elementor-element elementor-element-9d27f9c elementor-widget elementor-widget-image\" data-id=\"9d27f9c\" data-element_type=\"widget\" data-widget_type=\"image.default\">\r\n\t\t\t\t<div class=\"elementor-widget-container\">\r\n\t\t\t\t\t\t\t\t\t\t\t\t\t<img decoding=\"async\" width=\"540\" height=\"350\" src=\"https:\/\/popispinning.eu\/wp-content\/uploads\/2023\/02\/okocentrum-2.webp\" class=\"attachment-large size-large wp-image-953\" alt=\"\" srcset=\"https:\/\/popispinning.eu\/wp-content\/uploads\/2023\/02\/okocentrum-2.webp 540w, https:\/\/popispinning.eu\/wp-content\/uploads\/2023\/02\/okocentrum-2-300x194.webp 300w\" sizes=\"(max-width: 540px) 100vw, 540px\" \/>\t\t\t\t\t\t\t\t\t\t\t\t\t<\/div>\r\n\t\t\t\t<\/div>\r\n\t\t\t\t<div class=\"elementor-element elementor-element-9059318 elementor-align-justify elementor-tablet-align-center elementor-widget elementor-widget-button\" data-id=\"9059318\" data-element_type=\"widget\" data-widget_type=\"button.default\">\r\n\t\t\t\t<div class=\"elementor-widget-container\">\r\n\t\t\t\t\t<div class=\"elementor-button-wrapper\">\r\n\t\t\t<a class=\"elementor-button elementor-button-link elementor-size-xs elementor-animation-grow\" href=\"https:\/\/www.facebook.com\/Tisza-tavi-%C3%96kocentrum-Poroszl%C3%B3-151571411570617\" target=\"_blank\">\r\n\t\t\t\t\t\t<span class=\"elementor-button-content-wrapper\">\r\n\t\t\t\t\t\t\t\t\t<span class=\"elementor-button-text\"><b>Image:<\/b> Lake Tisza Eco Center Poroszl\u00f3<\/span>\r\n\t\t\t\t\t<\/span>\r\n\t\t\t\t\t<\/a>\r\n\t\t<\/div>\r\n\t\t\t\t<\/div>\r\n\t\t\t\t<\/div>\r\n\t\t\t\t<div class=\"elementor-element elementor-element-fd7151a elementor-widget elementor-widget-heading\" data-id=\"fd7151a\" data-element_type=\"widget\" data-widget_type=\"heading.default\">\r\n\t\t\t\t<div class=\"elementor-widget-container\">\r\n\t\t\t<h2 class=\"elementor-heading-title elementor-size-default\">Lake Tisza Ecocentre<\/h2>\t\t<\/div>\r\n\t\t\t\t<\/div>\r\n\t\t\t\t<div class=\"elementor-element elementor-element-d876dae elementor-widget elementor-widget-text-editor\" data-id=\"d876dae\" data-element_type=\"widget\" data-widget_type=\"text-editor.default\">\r\n\t\t\t\t<div class=\"elementor-widget-container\">\r\n\t\t\t\t\t\t\t<p>An unmissable attraction of Lake Tisza is the Ecocentre in Poroszlo. Since its opening in 2012, the facility, which showcases the unique wildlife of Lake Tisza, has been a popular attraction. It&#8217;s home to Europe&#8217;s largest freshwater aquarium, with a 1 million litre capacity system housing giant waterbirds, balinis, pike and catfish, as well as otters and beavers.<\/p>\n\t\t\t\t\t\t<\/div>\r\n\t\t\t\t<\/div>\r\n\t\t\t\t<div class=\"elementor-element elementor-element-dd882d2 elementor-align-center elementor-tablet-align-center elementor-widget elementor-widget-button\" data-id=\"dd882d2\" data-element_type=\"widget\" data-widget_type=\"button.default\">\r\n\t\t\t\t<div class=\"elementor-widget-container\">\r\n\t\t\t\t\t<div class=\"elementor-button-wrapper\">\r\n\t\t\t<a class=\"elementor-button elementor-button-link elementor-size-xs elementor-animation-grow\" href=\"https:\/\/www.tiszataviokocentrum.hu\/\" target=\"_blank\">\r\n\t\t\t\t\t\t<span class=\"elementor-button-content-wrapper\">\r\n\t\t\t\t\t\t\t\t\t<span class=\"elementor-button-text\">More information<\/span>\r\n\t\t\t\t\t<\/span>\r\n\t\t\t\t\t<\/a>\r\n\t\t<\/div>\r\n\t\t\t\t<\/div>\r\n\t\t\t\t<\/div>\r\n\t\t\t\t\t<\/div>\r\n\t\t<\/div>\r\n\t\t\t\t<div class=\"elementor-column elementor-col-50 elementor-inner-column elementor-element elementor-element-b9ed893\" data-id=\"b9ed893\" data-element_type=\"column\" data-settings=\"{&quot;background_background&quot;:&quot;classic&quot;}\">\r\n\t\t\t<div class=\"elementor-widget-wrap elementor-element-populated\">\r\n\t\t\t\t\t\t<div class=\"elementor-element elementor-element-1c97235 elementor-widget elementor-widget-image\" data-id=\"1c97235\" data-element_type=\"widget\" data-widget_type=\"image.default\">\r\n\t\t\t\t<div class=\"elementor-widget-container\">\r\n\t\t\t\t\t\t\t\t\t\t\t\t\t<img decoding=\"async\" width=\"540\" height=\"350\" src=\"https:\/\/popispinning.eu\/wp-content\/uploads\/2023\/02\/kerekpartura-2.webp\" class=\"attachment-large size-large wp-image-955\" alt=\"\" srcset=\"https:\/\/popispinning.eu\/wp-content\/uploads\/2023\/02\/kerekpartura-2.webp 540w, https:\/\/popispinning.eu\/wp-content\/uploads\/2023\/02\/kerekpartura-2-300x194.webp 300w\" sizes=\"(max-width: 540px) 100vw, 540px\" \/>\t\t\t\t\t\t\t\t\t\t\t\t\t<\/div>\r\n\t\t\t\t<\/div>\r\n\t\t\t\t<div class=\"elementor-element elementor-element-43e7bbf elementor-align-justify elementor-tablet-align-center elementor-widget elementor-widget-button\" data-id=\"43e7bbf\" data-element_type=\"widget\" data-widget_type=\"button.default\">\r\n\t\t\t\t<div class=\"elementor-widget-container\">\r\n\t\t\t\t\t<div class=\"elementor-button-wrapper\">\r\n\t\t\t<a class=\"elementor-button elementor-button-link elementor-size-xs elementor-animation-grow\" href=\"https:\/\/unsplash.com\/photos\/gmYKYoWcYEI\" target=\"_blank\">\r\n\t\t\t\t\t\t<span class=\"elementor-button-content-wrapper\">\r\n\t\t\t\t\t\t\t\t\t<span class=\"elementor-button-text\"><b>Image:<\/b> Unsplash<\/span>\r\n\t\t\t\t\t<\/span>\r\n\t\t\t\t\t<\/a>\r\n\t\t<\/div>\r\n\t\t\t\t<\/div>\r\n\t\t\t\t<\/div>\r\n\t\t\t\t<div class=\"elementor-element elementor-element-cf1d753 elementor-widget elementor-widget-heading\" data-id=\"cf1d753\" data-element_type=\"widget\" data-widget_type=\"heading.default\">\r\n\t\t\t\t<div class=\"elementor-widget-container\">\r\n\t\t\t<h2 class=\"elementor-heading-title elementor-size-default\">Lake Tisza on two wheels<\/h2>\t\t<\/div>\r\n\t\t\t\t<\/div>\r\n\t\t\t\t<div class=\"elementor-element elementor-element-72936b5 elementor-widget elementor-widget-text-editor\" data-id=\"72936b5\" data-element_type=\"widget\" data-widget_type=\"text-editor.default\">\r\n\t\t\t\t<div class=\"elementor-widget-container\">\r\n\t\t\t\t\t\t\t<p>One of the most popular active activities around Lake Tisza is cycling, for which you can rent a normal or electric bike on site. I took the latter for a 65 km ride around the smaller lake, which takes in some of the most beautiful sights on Lake Tisza. If you want to shorten this, you can do so with the new bike ferry between Tiszaderzs and Dinny\u00e9sh\u00e1t, which will make the distance 45-50 km. But for those who want a bigger bite, the big loop and the 90 km will be the perfect choice.<\/p>\n\t\t\t\t\t\t<\/div>\r\n\t\t\t\t<\/div>\r\n\t\t\t\t<div class=\"elementor-element elementor-element-9de14d6 elementor-align-center elementor-tablet-align-center elementor-widget elementor-widget-button\" data-id=\"9de14d6\" data-element_type=\"widget\" data-widget_type=\"button.default\">\r\n\t\t\t\t<div class=\"elementor-widget-container\">\r\n\t\t\t\t\t<div class=\"elementor-button-wrapper\">\r\n\t\t\t<a class=\"elementor-button elementor-button-link elementor-size-xs elementor-animation-grow\" href=\"https:\/\/aktivmagyarorszag.hu\/kerekparral-a-tisza-to-korul\/\" target=\"_blank\">\r\n\t\t\t\t\t\t<span class=\"elementor-button-content-wrapper\">\r\n\t\t\t\t\t\t\t\t\t<span class=\"elementor-button-text\">More information<\/span>\r\n\t\t\t\t\t<\/span>\r\n\t\t\t\t\t<\/a>\r\n\t\t<\/div>\r\n\t\t\t\t<\/div>\r\n\t\t\t\t<\/div>\r\n\t\t\t\t\t<\/div>\r\n\t\t<\/div>\r\n\t\t\t\t\t<\/div>\r\n\t\t<\/section>\r\n\t\t\t\t<section class=\"elementor-section elementor-inner-section elementor-element elementor-element-fa064fc elementor-section-boxed elementor-section-height-default elementor-section-height-default\" data-id=\"fa064fc\" data-element_type=\"section\" data-settings=\"{&quot;jet_parallax_layout_list&quot;:[]}\">\r\n\t\t\t\t\t\t<div class=\"elementor-container elementor-column-gap-wide\">\r\n\t\t\t\t\t<div class=\"elementor-column elementor-col-100 elementor-inner-column elementor-element elementor-element-b21da6c\" data-id=\"b21da6c\" data-element_type=\"column\" data-settings=\"{&quot;background_background&quot;:&quot;classic&quot;}\">\r\n\t\t\t<div class=\"elementor-widget-wrap elementor-element-populated\">\r\n\t\t\t\t\t\t<div class=\"elementor-element elementor-element-d7fd6e0 elementor-widget elementor-widget-image\" data-id=\"d7fd6e0\" data-element_type=\"widget\" data-widget_type=\"image.default\">\r\n\t\t\t\t<div class=\"elementor-widget-container\">\r\n\t\t\t\t\t\t\t\t\t\t\t\t\t<img loading=\"lazy\" decoding=\"async\" width=\"1024\" height=\"309\" src=\"https:\/\/popispinning.eu\/wp-content\/uploads\/2023\/02\/vizisetany-2-1024x309.webp\" class=\"attachment-large size-large wp-image-957\" alt=\"\" srcset=\"https:\/\/popispinning.eu\/wp-content\/uploads\/2023\/02\/vizisetany-2-1024x309.webp 1024w, https:\/\/popispinning.eu\/wp-content\/uploads\/2023\/02\/vizisetany-2-300x91.webp 300w, https:\/\/popispinning.eu\/wp-content\/uploads\/2023\/02\/vizisetany-2-768x232.webp 768w, https:\/\/popispinning.eu\/wp-content\/uploads\/2023\/02\/vizisetany-2-600x181.webp 600w, https:\/\/popispinning.eu\/wp-content\/uploads\/2023\/02\/vizisetany-2.webp 1160w\" sizes=\"(max-width: 1024px) 100vw, 1024px\" \/>\t\t\t\t\t\t\t\t\t\t\t\t\t<\/div>\r\n\t\t\t\t<\/div>\r\n\t\t\t\t<div class=\"elementor-element elementor-element-87d349f elementor-align-justify elementor-tablet-align-center elementor-widget elementor-widget-button\" data-id=\"87d349f\" data-element_type=\"widget\" data-widget_type=\"button.default\">\r\n\t\t\t\t<div class=\"elementor-widget-container\">\r\n\t\t\t\t\t<div class=\"elementor-button-wrapper\">\r\n\t\t\t<a class=\"elementor-button elementor-button-link elementor-size-xs elementor-animation-grow\" href=\"https:\/\/csodalatosmagyarorszag.hu\/hirek\/tisza\/tisza-tavi-vizi-setany-1500-meter-hosszu-pallout-a-viz-folott\/\" target=\"_blank\">\r\n\t\t\t\t\t\t<span class=\"elementor-button-content-wrapper\">\r\n\t\t\t\t\t\t\t\t\t<span class=\"elementor-button-text\"><b>Image:<\/b> Lake Tisza Water Promenade<\/span>\r\n\t\t\t\t\t<\/span>\r\n\t\t\t\t\t<\/a>\r\n\t\t<\/div>\r\n\t\t\t\t<\/div>\r\n\t\t\t\t<\/div>\r\n\t\t\t\t<div class=\"elementor-element elementor-element-1a17140 elementor-widget elementor-widget-heading\" data-id=\"1a17140\" data-element_type=\"widget\" data-widget_type=\"heading.default\">\r\n\t\t\t\t<div class=\"elementor-widget-container\">\r\n\t\t\t<h2 class=\"elementor-heading-title elementor-size-default\">Water Promenade on Lake Tisza <\/h2>\t\t<\/div>\r\n\t\t\t\t<\/div>\r\n\t\t\t\t<div class=\"elementor-element elementor-element-211d9b1 elementor-widget elementor-widget-text-editor\" data-id=\"211d9b1\" data-element_type=\"widget\" data-widget_type=\"text-editor.default\">\r\n\t\t\t\t<div class=\"elementor-widget-container\">\r\n\t\t\t\t\t\t\t<p>An hour and a half hike and 2000 steps over the water. That&#8217;s the sign at the F\u0171zfa harbour in Poroszl\u00f3, from where you can take a boat to one of the most beautiful wooden boardwalks on Lake Tisza. The trail, open from 1 April to 31 October, features two bird castles, a resting island, an observation tower and an interactive playground. The 1,500-metre-long boardwalk takes you to the natural values and wildlife of Lake Tisza. You will also get a detailed insight into the life of kingfishers, reed buntings, mud eagles, cormorants and dwarf herons. If we&#8217;re lucky, we can get up close and personal. As well as the Lake Tisza Water Walk, if time permits, the P\u00e1k\u00e1sz and Tiszavir\u00e1g nature trails are also worth adding to your bucket list<\/p>\n\t\t\t\t\t\t<\/div>\r\n\t\t\t\t<\/div>\r\n\t\t\t\t<div class=\"elementor-element elementor-element-f5d8501 elementor-align-center elementor-tablet-align-center elementor-widget elementor-widget-button\" data-id=\"f5d8501\" data-element_type=\"widget\" data-widget_type=\"button.default\">\r\n\t\t\t\t<div class=\"elementor-widget-container\">\r\n\t\t\t\t\t<div class=\"elementor-button-wrapper\">\r\n\t\t\t<a class=\"elementor-button elementor-button-link elementor-size-xs elementor-animation-grow\" href=\"https:\/\/www2.hnp.hu\/hu\/szervezeti-egyseg\/turizmus\/vizisetany\" target=\"_blank\">\r\n\t\t\t\t\t\t<span class=\"elementor-button-content-wrapper\">\r\n\t\t\t\t\t\t\t\t\t<span class=\"elementor-button-text\">More information<\/span>\r\n\t\t\t\t\t<\/span>\r\n\t\t\t\t\t<\/a>\r\n\t\t<\/div>\r\n\t\t\t\t<\/div>\r\n\t\t\t\t<\/div>\r\n\t\t\t\t\t<\/div>\r\n\t\t<\/div>\r\n\t\t\t\t\t<\/div>\r\n\t\t<\/section>\r\n\t\t\t\t\t<\/div>\r\n\t\t<\/div>\r\n\t\t\t\t\t<\/div>\r\n\t\t<\/section>\r\n\t\t\t\t<\/div>\r\n\t\t","protected":false},"excerpt":{"rendered":"<p>\/*! elementor &#8211; v3.11.5 &#8211; 14-03-2023 *\/ .elementor-widget-image{text-align:center}.elementor-widget-image a{display:inline-block}.elementor-widget-image a img[src$=&#8221;.svg&#8221;]{width:48px}.elementor-widget-image img{vertical-align:middle;display:inline-block} \/*! elementor &#8211; v3.11.5 &#8211; 14-03-2023 *\/ .elementor-heading-title{padding:0;margin:0;line-height:1}.elementor-widget-heading .elementor-heading-title[class*=elementor-size-]&gt;a{color:inherit;font-size:inherit;line-height:inherit}.elementor-widget-heading .elementor-heading-title.elementor-size-small{font-size:15px}.elementor-widget-heading .elementor-heading-title.elementor-size-medium{font-size:19px}.elementor-widget-heading .elementor-heading-title.elementor-size-large{font-size:29px}.elementor-widget-heading .elementor-heading-title.elementor-size-xl{font-size:39px}.elementor-widget-heading .elementor-heading-title.elementor-size-xxl{font-size:59px} LAKE TISZA Lake Tisza is the second largest lake in Hungary, located in the northern part of the Great Plain. On its 127 km2, countless islands, backwaters and shallow [&hellip;]<\/p>\n","protected":false},"author":1,"featured_media":0,"parent":0,"menu_order":0,"comment_status":"closed","ping_status":"closed","template":"elementor_header_footer","meta":{"footnotes":""},"class_list":["post-1772","page","type-page","status-publish","hentry"],"_links":{"self":[{"href":"https:\/\/popispinning.eu\/en\/wp-json\/wp\/v2\/pages\/1772","targetHints":{"allow":["GET"]}}],"collection":[{"href":"https:\/\/popispinning.eu\/en\/wp-json\/wp\/v2\/pages"}],"about":[{"href":"https:\/\/popispinning.eu\/en\/wp-json\/wp\/v2\/types\/page"}],"author":[{"embeddable":true,"href":"https:\/\/popispinning.eu\/en\/wp-json\/wp\/v2\/users\/1"}],"replies":[{"embeddable":true,"href":"https:\/\/popispinning.eu\/en\/wp-json\/wp\/v2\/comments?post=1772"}],"version-history":[{"count":6,"href":"https:\/\/popispinning.eu\/en\/wp-json\/wp\/v2\/pages\/1772\/revisions"}],"predecessor-version":[{"id":1971,"href":"https:\/\/popispinning.eu\/en\/wp-json\/wp\/v2\/pages\/1772\/revisions\/1971"}],"wp:attachment":[{"href":"https:\/\/popispinning.eu\/en\/wp-json\/wp\/v2\/media?parent=1772"}],"curies":[{"name":"wp","href":"https:\/\/api.w.org\/{rel}","templated":true}]}}